{"id":79,"date":"2017-04-12T15:48:14","date_gmt":"2017-04-12T13:48:14","guid":{"rendered":"http:\/\/bjorkviksbygdegard.se\/?page_id=79"},"modified":"2024-01-30T22:41:27","modified_gmt":"2024-01-30T21:41:27","slug":"start","status":"publish","type":"page","link":"https:\/\/bjorkviksbygdegard.se\/","title":{"rendered":"V\u00e4lkommen till Bj\u00f6rkviks Bygdeg\u00e5rd!"},"content":{"rendered":"\n<p>Bj\u00f6rkviks Bygdeg\u00e5rd drivs av Bj\u00f6rkviks Bygdeg\u00e5rdsf\u00f6rening,<br>en ideell f\u00f6rening med en styrelse vars medlemmar bor i trakten.<br>F\u00f6reningen \u00e4r ansluten till Bygdeg\u00e5rdarnas Riksf\u00f6rbund.<br>F\u00f6reningen anordnar olika aktiviteter under \u00e5ret<br>Bygdeg\u00e5rden hyrs ut f\u00f6r tex sl\u00e4kttr\u00e4ff, barnkalas, fest, dopkaffe, m\u00f6ten eller andra samankomster.<br>Bygdeg\u00e5rden ligger mitt i byn och \u00e4r Filadelfiaf\u00f6rsamlingens gamla lokal.&nbsp; &nbsp; &nbsp; &nbsp; &nbsp; &nbsp; &nbsp; &nbsp; &nbsp; &nbsp; &nbsp; &nbsp; &nbsp; &nbsp; &nbsp; &nbsp; &nbsp; &nbsp; &nbsp; &nbsp; &nbsp; &nbsp; &nbsp; &nbsp; &nbsp; &nbsp; &nbsp; <\/p>\n\n\n\n<p><strong>Vill du bli medlem?<\/strong><br>D\u00e5 f\u00e5r du reducerat pris p\u00e5 hyran och \u00e4r v\u00e4lkommen p\u00e5 medlemsfesterna.<br>Betala in 100 kronor per person via Swish 123 025 90 51 eller BG 371-5091<br>ange medlem, namn och g\u00e4rna e-postadress i meddelanderutan.<\/p>\n\n\n\n<figure class=\"wp-block-image size-large\"><img loading=\"lazy\" decoding=\"async\" width=\"1024\" height=\"768\" src=\"https:\/\/bjorkviksbygdegard.se\/wp-content\/uploads\/2024\/01\/20230817_130242-1024x768.jpg\" alt=\"\" class=\"wp-image-449\" srcset=\"https:\/\/bjorkviksbygdegard.se\/wp-content\/uploads\/2024\/01\/20230817_130242-1024x768.jpg 1024w, https:\/\/bjorkviksbygdegard.se\/wp-content\/uploads\/2024\/01\/20230817_130242-300x225.jpg 300w, https:\/\/bjorkviksbygdegard.se\/wp-content\/uploads\/2024\/01\/20230817_130242-768x576.jpg 768w, https:\/\/bjorkviksbygdegard.se\/wp-content\/uploads\/2024\/01\/20230817_130242-1536x1152.jpg 1536w, https:\/\/bjorkviksbygdegard.se\/wp-content\/uploads\/2024\/01\/20230817_130242-2048x1536.jpg 2048w, https:\/\/bjorkviksbygdegard.se\/wp-content\/uploads\/2024\/01\/20230817_130242-520x390.jpg 520w, https:\/\/bjorkviksbygdegard.se\/wp-content\/uploads\/2024\/01\/20230817_130242-740x555.jpg 740w\" sizes=\"auto, (max-width: 1024px) 100vw, 1024px\" \/><\/figure>\n","protected":false},"excerpt":{"rendered":"<p>Bj\u00f6rkviks Bygdeg\u00e5rd drivs av Bj\u00f6rkviks Bygdeg\u00e5rdsf\u00f6rening,en ideell f\u00f6rening med en styrelse vars medlemmar bor i trakten.F\u00f6reningen \u00e4r ansluten till Bygdeg\u00e5rdarnas Riksf\u00f6rbund.F\u00f6reningen anordnar olika aktiviteter under \u00e5retBygdeg\u00e5rden hyrs ut f\u00f6r tex sl\u00e4kttr\u00e4ff, barnkalas, fest, dopkaffe, m\u00f6ten<a class=\"read-more\" href=\"https:\/\/bjorkviksbygdegard.se\/\">Continue reading<\/a><\/p>\n","protected":false},"author":1,"featured_media":0,"parent":0,"menu_order":0,"comment_status":"closed","ping_status":"closed","template":"","meta":{"ngg_post_thumbnail":0,"footnotes":""},"class_list":["post-79","page","type-page","status-publish","hentry"],"jetpack-related-posts":[{"id":178,"url":"https:\/\/bjorkviksbygdegard.se\/?page_id=178","url_meta":{"origin":79,"position":0},"title":"Medlem","date":"april 24, 2017","format":false,"excerpt":"Du \u00e4r v\u00e4lkommen som medlem i f\u00f6reningenDet kostar 100:-\/ \u00e5r och person R\u00f6str\u00e4tt p\u00e5 \u00e5rsst\u00e4mman Reducerat pris n\u00e4r du hyr\u00a0 Blir inbjuden till medlemsevenemang Medlem blir du\/ni genom att s\u00e4tta in pengar p\u00e5BG 371-5091\u00a0Eller\u00a0Swish 123-0259051Ange namn, adress och g\u00e4rna din e-post \u00c5RSM\u00d6TE 2026Onsdag 18 mars kl.19:00 i Bygdeg\u00e5rden.Vi bjuder p\u00e5\u2026","rel":"","context":"Liknande inl\u00e4gg","img":{"alt_text":"","src":"https:\/\/i0.wp.com\/bjorkviksbygdegard.se\/wp-content\/uploads\/2024\/01\/20230925_150458-1-scaled.jpg?resize=350%2C200&ssl=1","width":350,"height":200},"classes":[]},{"id":34,"url":"https:\/\/bjorkviksbygdegard.se\/?page_id=34","url_meta":{"origin":79,"position":1},"title":"Att hyra bygdeg\u00e5rden","date":"april 12, 2017","format":false,"excerpt":"S\u00f6ker du lokalen till sl\u00e4kttr\u00e4ffen, f\u00f6delsedagsfesten, br\u00f6llopet eller andra tillst\u00e4llningar?Hyr Bj\u00f6rkviks bygdeg\u00e5rd!H\u00e4r finns bord, stolar o porslin att tillg\u00e5.F\u00f6r mer info o bokning kontakta Sonia Jansson 070-680 13 35Det g\u00e5r \u00e4ven att kontakta via e-post\u00a0bjorkviksbygdegard@gmail.com\u00d6verenskommet pris betalas via Swish 123 025 90 51 eller BG 371-5091. Du kan hyra Bygdeg\u00e5rden\u2026","rel":"","context":"Liknande inl\u00e4gg","img":{"alt_text":"","src":"https:\/\/i0.wp.com\/bjorkviksbygdegard.se\/wp-content\/uploads\/2024\/01\/20231012_160335-1-1-scaled.jpg?resize=350%2C200&ssl=1","width":350,"height":200},"classes":[]},{"id":313,"url":"https:\/\/bjorkviksbygdegard.se\/?page_id=313","url_meta":{"origin":79,"position":2},"title":"P\u00e5 G\u00e5ng","date":"januari 15, 2019","format":false,"excerpt":"L\u00e4nk till v\u00e5r Facebooksida, d\u00e4r allt l\u00e4ggs upp kontinuerligt:https:\/\/www.facebook.com\/bjorkviksbygdegard \u00c5RSM\u00d6TE 2026Onsdag 18 mars kl.19:00 i bygdeg\u00e5rden.Vi bjuder p\u00e5 fika eftre m\u00f6tet.V\u00e4lkomna!PS. Kom ih\u00e5g att betala din medlemsavgift innan m\u00f6tet s\u00e5har du r\u00f6str\u00e4tt.SWISH 123-025 90 51100:-","rel":"","context":"Liknande inl\u00e4gg","img":{"alt_text":"","src":"https:\/\/i0.wp.com\/bjorkviksbygdegard.se\/wp-content\/uploads\/2024\/01\/20230909_112357-1-scaled.jpg?resize=350%2C200&ssl=1","width":350,"height":200},"classes":[]}],"_links":{"self":[{"href":"https:\/\/bjorkviksbygdegard.se\/index.php?rest_route=\/wp\/v2\/pages\/79","targetHints":{"allow":["GET"]}}],"collection":[{"href":"https:\/\/bjorkviksbygdegard.se\/index.php?rest_route=\/wp\/v2\/pages"}],"about":[{"href":"https:\/\/bjorkviksbygdegard.se\/index.php?rest_route=\/wp\/v2\/types\/page"}],"author":[{"embeddable":true,"href":"https:\/\/bjorkviksbygdegard.se\/index.php?rest_route=\/wp\/v2\/users\/1"}],"replies":[{"embeddable":true,"href":"https:\/\/bjorkviksbygdegard.se\/index.php?rest_route=%2Fwp%2Fv2%2Fcomments&post=79"}],"version-history":[{"count":6,"href":"https:\/\/bjorkviksbygdegard.se\/index.php?rest_route=\/wp\/v2\/pages\/79\/revisions"}],"predecessor-version":[{"id":450,"href":"https:\/\/bjorkviksbygdegard.se\/index.php?rest_route=\/wp\/v2\/pages\/79\/revisions\/450"}],"wp:attachment":[{"href":"https:\/\/bjorkviksbygdegard.se\/index.php?rest_route=%2Fwp%2Fv2%2Fmedia&parent=79"}],"curies":[{"name":"wp","href":"https:\/\/api.w.org\/{rel}","templated":true}]}}